{"id":31,"date":"2021-04-24T06:24:42","date_gmt":"2021-04-24T09:24:42","guid":{"rendered":"https:\/\/centrovidracaria.com.br\/?page_id=31"},"modified":"2021-05-01T07:53:52","modified_gmt":"2021-05-01T10:53:52","slug":"pagina-inicial","status":"publish","type":"page","link":"https:\/\/centrovidracaria.com.br\/","title":{"rendered":"Centro Vidra\u00e7aria"},"content":{"rendered":"\n\n<h3 style=\"text-align: center;\">Portf\u00f3lio de Servi\u00e7os da Central Vidros<\/h3>\n<p style=\"text-align: center;\">Necessita de maiores detalhes? Entre em contato com um de nossos consultores.<\/p>\n\n\n\n\t\t<div id=\"instagram-gallery-feed-1\" class=\"instagram-gallery-feed\" data-feed=\"{&quot;id&quot;:&quot;1&quot;,&quot;account_id&quot;:&quot;17841447342050499&quot;,&quot;source&quot;:&quot;username&quot;,&quot;tag&quot;:&quot;wordpress&quot;,&quot;order_by&quot;:&quot;top_media&quot;,&quot;layout&quot;:&quot;carousel&quot;,&quot;limit&quot;:&quot;50&quot;,&quot;columns&quot;:&quot;3&quot;,&quot;lazy&quot;:false,&quot;spacing&quot;:&quot;10&quot;,&quot;highlight&quot;:{&quot;tag&quot;:&quot;&quot;,&quot;id&quot;:&quot;&quot;,&quot;position&quot;:&quot;1,3,5&quot;},&quot;reel&quot;:{&quot;hide&quot;:false},&quot;copyright&quot;:{&quot;hide&quot;:false,&quot;placeholder&quot;:&quot;&quot;},&quot;profile&quot;:{&quot;display&quot;:false,&quot;auto&quot;:false,&quot;username&quot;:&quot;&quot;,&quot;nickname&quot;:&quot;&quot;,&quot;website&quot;:&quot;&quot;,&quot;biography&quot;:&quot;&quot;,&quot;link_text&quot;:&quot;Follow&quot;,&quot;website_text&quot;:&quot;Website&quot;,&quot;avatar&quot;:&quot;&quot;,&quot;name&quot;:&quot;Centro Vidra\\u00e7aria&quot;,&quot;followers_count&quot;:0,&quot;media_count&quot;:0,&quot;link&quot;:&quot;&quot;,&quot;profile_picture_url&quot;:&quot;&quot;},&quot;box&quot;:{&quot;display&quot;:false,&quot;padding&quot;:&quot;1&quot;,&quot;radius&quot;:&quot;0&quot;,&quot;background&quot;:&quot;#fefefe&quot;,&quot;profile&quot;:false,&quot;desc&quot;:&quot;&quot;,&quot;text_color&quot;:&quot;#000000&quot;,&quot;color_text&quot;:&quot;#000000&quot;},&quot;mask&quot;:{&quot;display&quot;:true,&quot;background&quot;:&quot;#000000&quot;,&quot;likes_count&quot;:true,&quot;comments_count&quot;:true,&quot;likes&quot;:true,&quot;comments&quot;:true},&quot;card&quot;:{&quot;display&quot;:false,&quot;radius&quot;:&quot;1&quot;,&quot;font_size&quot;:&quot;12&quot;,&quot;background&quot;:&quot;#ffffff&quot;,&quot;background_hover&quot;:&quot;#ffffff&quot;,&quot;text_color&quot;:&quot;#000000&quot;,&quot;padding&quot;:&quot;5&quot;,&quot;likes_count&quot;:true,&quot;text_length&quot;:10,&quot;comments_count&quot;:true,&quot;text_align&quot;:&quot;left&quot;,&quot;info&quot;:true,&quot;length&quot;:&quot;10&quot;,&quot;caption&quot;:true},&quot;carousel&quot;:{&quot;slidespv&quot;:&quot;4&quot;,&quot;autoplay&quot;:true,&quot;autoplay_interval&quot;:&quot;3000&quot;,&quot;navarrows&quot;:true,&quot;navarrows_color&quot;:&quot;#1e73be&quot;,&quot;pagination&quot;:true,&quot;pagination_color&quot;:&quot;#1e73be&quot;},&quot;modal&quot;:{&quot;display&quot;:true,&quot;profile&quot;:false,&quot;media_description&quot;:true,&quot;likes_count&quot;:true,&quot;comments_count&quot;:true,&quot;text_align&quot;:&quot;left&quot;,&quot;modal_align&quot;:&quot;right&quot;,&quot;text_length&quot;:10000,&quot;font_size&quot;:12,&quot;caption&quot;:false,&quot;likes&quot;:false,&quot;comments&quot;:false,&quot;align&quot;:&quot;bottom&quot;},&quot;button&quot;:{&quot;display&quot;:true,&quot;text&quot;:&quot;View on Instagram&quot;,&quot;text_color&quot;:&quot;#ffff&quot;,&quot;background&quot;:&quot;&quot;,&quot;background_hover&quot;:&quot;&quot;},&quot;button_load&quot;:{&quot;display&quot;:false,&quot;text&quot;:&quot;Load more...&quot;,&quot;text_color&quot;:&quot;#ffff&quot;,&quot;background&quot;:&quot;&quot;,&quot;background_hover&quot;:&quot;&quot;},&quot;order&quot;:&quot;1&quot;,&quot;resolution&quot;:&quot;standard&quot;,&quot;panel&quot;:&quot;tab_panel_feed_button_load&quot;}\">\n\t\t<!-- <FeedContainer\/> -->\n\t\t<\/div>\n\t\t\n","protected":false},"excerpt":{"rendered":"<p>Portf\u00f3lio de Servi\u00e7os da Central Vidros Necessita de maiores detalhes? Entre em contato com um de nossos consultores.<\/p>\n","protected":false},"author":1,"featured_media":97,"parent":0,"menu_order":0,"comment_status":"closed","ping_status":"closed","template":"","meta":{"_monsterinsights_skip_tracking":false,"_monsterinsights_sitenote_active":false,"_monsterinsights_sitenote_note":"","_monsterinsights_sitenote_category":0,"ngg_post_thumbnail":0,"footnotes":""},"class_list":["post-31","page","type-page","status-publish","has-post-thumbnail","hentry"],"yoast_head":"<!-- This site is optimized with the Yoast SEO plugin v21.9.1 - https:\/\/yoast.com\/wordpress\/plugins\/seo\/ -->\n<title>Centro Vidra\u00e7aria - Centro Vidra\u00e7aria<\/title>\n<meta name=\"robots\" content=\"index, follow, max-snippet:-1, max-image-preview:large, max-video-preview:-1\" \/>\n<link rel=\"canonical\" href=\"https:\/\/centrovidracaria.com.br\/\" \/>\n<meta property=\"og:locale\" content=\"pt_BR\" \/>\n<meta property=\"og:type\" content=\"article\" \/>\n<meta property=\"og:title\" content=\"Centro Vidra\u00e7aria - Centro Vidra\u00e7aria\" \/>\n<meta property=\"og:description\" content=\"Portf\u00f3lio de Servi\u00e7os da Central Vidros Necessita de maiores detalhes? Entre em contato com um de nossos consultores.\" \/>\n<meta property=\"og:url\" content=\"https:\/\/centrovidracaria.com.br\/\" \/>\n<meta property=\"og:site_name\" content=\"Centro Vidra\u00e7aria\" \/>\n<meta property=\"article:modified_time\" content=\"2021-05-01T10:53:52+00:00\" \/>\n<meta property=\"og:image\" content=\"https:\/\/centrovidracaria.com.br\/wp-content\/uploads\/2021\/04\/man-touching-clear-pane-scaled.jpg\" \/>\n\t<meta property=\"og:image:width\" content=\"2560\" \/>\n\t<meta property=\"og:image:height\" content=\"1707\" \/>\n\t<meta property=\"og:image:type\" content=\"image\/jpeg\" \/>\n<meta name=\"twitter:card\" content=\"summary_large_image\" \/>\n<meta name=\"twitter:label1\" content=\"Est. tempo de leitura\" \/>\n\t<meta name=\"twitter:data1\" content=\"1 minuto\" \/>\n<script type=\"application\/ld+json\" class=\"yoast-schema-graph\">{\"@context\":\"https:\/\/schema.org\",\"@graph\":[{\"@type\":\"WebPage\",\"@id\":\"https:\/\/centrovidracaria.com.br\/\",\"url\":\"https:\/\/centrovidracaria.com.br\/\",\"name\":\"Centro Vidra\u00e7aria - Centro Vidra\u00e7aria\",\"isPartOf\":{\"@id\":\"https:\/\/centrovidracaria.com.br\/#website\"},\"datePublished\":\"2021-04-24T09:24:42+00:00\",\"dateModified\":\"2021-05-01T10:53:52+00:00\",\"breadcrumb\":{\"@id\":\"https:\/\/centrovidracaria.com.br\/#breadcrumb\"},\"inLanguage\":\"pt-BR\",\"potentialAction\":[{\"@type\":\"ReadAction\",\"target\":[\"https:\/\/centrovidracaria.com.br\/\"]}]},{\"@type\":\"BreadcrumbList\",\"@id\":\"https:\/\/centrovidracaria.com.br\/#breadcrumb\",\"itemListElement\":[{\"@type\":\"ListItem\",\"position\":1,\"name\":\"In\u00edcio\",\"item\":\"https:\/\/centrovidracaria.com.br\/\"},{\"@type\":\"ListItem\",\"position\":2,\"name\":\"Centro Vidra\u00e7aria\"}]},{\"@type\":\"WebSite\",\"@id\":\"https:\/\/centrovidracaria.com.br\/#website\",\"url\":\"https:\/\/centrovidracaria.com.br\/\",\"name\":\"Centro Vidra\u00e7aria\",\"description\":\"A empresa que trabalha pra voc\u00ea\",\"publisher\":{\"@id\":\"https:\/\/centrovidracaria.com.br\/#organization\"},\"potentialAction\":[{\"@type\":\"SearchAction\",\"target\":{\"@type\":\"EntryPoint\",\"urlTemplate\":\"https:\/\/centrovidracaria.com.br\/?s={search_term_string}\"},\"query-input\":\"required name=search_term_string\"}],\"inLanguage\":\"pt-BR\"},{\"@type\":\"Organization\",\"@id\":\"https:\/\/centrovidracaria.com.br\/#organization\",\"name\":\"Centro Vidra\u00e7aria\",\"url\":\"https:\/\/centrovidracaria.com.br\/\",\"logo\":{\"@type\":\"ImageObject\",\"inLanguage\":\"pt-BR\",\"@id\":\"https:\/\/centrovidracaria.com.br\/#\/schema\/logo\/image\/\",\"url\":\"https:\/\/centrovidracaria.com.br\/wp-content\/uploads\/2021\/04\/logomarca6.jpg\",\"contentUrl\":\"https:\/\/centrovidracaria.com.br\/wp-content\/uploads\/2021\/04\/logomarca6.jpg\",\"width\":512,\"height\":512,\"caption\":\"Centro Vidra\u00e7aria\"},\"image\":{\"@id\":\"https:\/\/centrovidracaria.com.br\/#\/schema\/logo\/image\/\"}}]}<\/script>\n<!-- \/ Yoast SEO plugin. -->","yoast_head_json":{"title":"Centro Vidra\u00e7aria - Centro Vidra\u00e7aria","robots":{"index":"index","follow":"follow","max-snippet":"max-snippet:-1","max-image-preview":"max-image-preview:large","max-video-preview":"max-video-preview:-1"},"canonical":"https:\/\/centrovidracaria.com.br\/","og_locale":"pt_BR","og_type":"article","og_title":"Centro Vidra\u00e7aria - Centro Vidra\u00e7aria","og_description":"Portf\u00f3lio de Servi\u00e7os da Central Vidros Necessita de maiores detalhes? Entre em contato com um de nossos consultores.","og_url":"https:\/\/centrovidracaria.com.br\/","og_site_name":"Centro Vidra\u00e7aria","article_modified_time":"2021-05-01T10:53:52+00:00","og_image":[{"width":2560,"height":1707,"url":"https:\/\/centrovidracaria.com.br\/wp-content\/uploads\/2021\/04\/man-touching-clear-pane-scaled.jpg","type":"image\/jpeg"}],"twitter_card":"summary_large_image","twitter_misc":{"Est. tempo de leitura":"1 minuto"},"schema":{"@context":"https:\/\/schema.org","@graph":[{"@type":"WebPage","@id":"https:\/\/centrovidracaria.com.br\/","url":"https:\/\/centrovidracaria.com.br\/","name":"Centro Vidra\u00e7aria - Centro Vidra\u00e7aria","isPartOf":{"@id":"https:\/\/centrovidracaria.com.br\/#website"},"datePublished":"2021-04-24T09:24:42+00:00","dateModified":"2021-05-01T10:53:52+00:00","breadcrumb":{"@id":"https:\/\/centrovidracaria.com.br\/#breadcrumb"},"inLanguage":"pt-BR","potentialAction":[{"@type":"ReadAction","target":["https:\/\/centrovidracaria.com.br\/"]}]},{"@type":"BreadcrumbList","@id":"https:\/\/centrovidracaria.com.br\/#breadcrumb","itemListElement":[{"@type":"ListItem","position":1,"name":"In\u00edcio","item":"https:\/\/centrovidracaria.com.br\/"},{"@type":"ListItem","position":2,"name":"Centro Vidra\u00e7aria"}]},{"@type":"WebSite","@id":"https:\/\/centrovidracaria.com.br\/#website","url":"https:\/\/centrovidracaria.com.br\/","name":"Centro Vidra\u00e7aria","description":"A empresa que trabalha pra voc\u00ea","publisher":{"@id":"https:\/\/centrovidracaria.com.br\/#organization"},"potentialAction":[{"@type":"SearchAction","target":{"@type":"EntryPoint","urlTemplate":"https:\/\/centrovidracaria.com.br\/?s={search_term_string}"},"query-input":"required name=search_term_string"}],"inLanguage":"pt-BR"},{"@type":"Organization","@id":"https:\/\/centrovidracaria.com.br\/#organization","name":"Centro Vidra\u00e7aria","url":"https:\/\/centrovidracaria.com.br\/","logo":{"@type":"ImageObject","inLanguage":"pt-BR","@id":"https:\/\/centrovidracaria.com.br\/#\/schema\/logo\/image\/","url":"https:\/\/centrovidracaria.com.br\/wp-content\/uploads\/2021\/04\/logomarca6.jpg","contentUrl":"https:\/\/centrovidracaria.com.br\/wp-content\/uploads\/2021\/04\/logomarca6.jpg","width":512,"height":512,"caption":"Centro Vidra\u00e7aria"},"image":{"@id":"https:\/\/centrovidracaria.com.br\/#\/schema\/logo\/image\/"}}]}},"jetpack_sharing_enabled":true,"_links":{"self":[{"href":"https:\/\/centrovidracaria.com.br\/index.php\/wp-json\/wp\/v2\/pages\/31","targetHints":{"allow":["GET"]}}],"collection":[{"href":"https:\/\/centrovidracaria.com.br\/index.php\/wp-json\/wp\/v2\/pages"}],"about":[{"href":"https:\/\/centrovidracaria.com.br\/index.php\/wp-json\/wp\/v2\/types\/page"}],"author":[{"embeddable":true,"href":"https:\/\/centrovidracaria.com.br\/index.php\/wp-json\/wp\/v2\/users\/1"}],"replies":[{"embeddable":true,"href":"https:\/\/centrovidracaria.com.br\/index.php\/wp-json\/wp\/v2\/comments?post=31"}],"version-history":[{"count":5,"href":"https:\/\/centrovidracaria.com.br\/index.php\/wp-json\/wp\/v2\/pages\/31\/revisions"}],"predecessor-version":[{"id":158,"href":"https:\/\/centrovidracaria.com.br\/index.php\/wp-json\/wp\/v2\/pages\/31\/revisions\/158"}],"wp:featuredmedia":[{"embeddable":true,"href":"https:\/\/centrovidracaria.com.br\/index.php\/wp-json\/wp\/v2\/media\/97"}],"wp:attachment":[{"href":"https:\/\/centrovidracaria.com.br\/index.php\/wp-json\/wp\/v2\/media?parent=31"}],"curies":[{"name":"wp","href":"https:\/\/api.w.org\/{rel}","templated":true}]}}